{"id":51,"date":"2011-06-17T13:39:21","date_gmt":"2011-06-17T11:39:21","guid":{"rendered":"http:\/\/www.lohmuehle-berlin.de\/blubb\/?page_id=51"},"modified":"2022-06-26T12:10:38","modified_gmt":"2022-06-26T10:10:38","slug":"wagendorf","status":"publish","type":"page","link":"https:\/\/www.lohmuehle-berlin.de\/blubb\/wir-ueber-uns\/wagendorf\/","title":{"rendered":"Wagendorf"},"content":{"rendered":"<p style=\"text-align: left;\">&nbsp;<\/p>\n<p style=\"text-align: center;\"><a href=\"http:\/\/www.lohmuehle-berlin.de\/blubb\/wp-content\/uploads\/2011\/06\/GrischkasWagen.jpg\"><img loading=\"lazy\" class=\"aligncenter size-medium wp-image-341\" title=\"home sweet home\" src=\"http:\/\/www.lohmuehle-berlin.de\/blubb\/wp-content\/uploads\/2011\/06\/GrischkasWagen-300x199.jpg\" alt=\"\" width=\"270\" height=\"179\" srcset=\"https:\/\/www.lohmuehle-berlin.de\/blubb\/wp-content\/uploads\/2011\/06\/GrischkasWagen-300x199.jpg 300w, https:\/\/www.lohmuehle-berlin.de\/blubb\/wp-content\/uploads\/2011\/06\/GrischkasWagen.jpg 800w\" sizes=\"(max-width: 270px) 100vw, 270px\" \/><\/a><\/p>\n<p style=\"text-align: left;\">&nbsp;<\/p>\n<p><strong>Gemeinschaft\/Leben<\/strong><\/p>\n<p>Die Lohm\u00fchlengemeinschaft bedeutet:<\/p>\n<p style=\"padding-left: 60px; text-align: left;\">\u2026 morgens auf dem langen Weg zum Plumpsklo viel zu vielen Menschen zu begegnen.<br \/>\n\u2026 jederzeit zum Nachbarn r\u00fcberwackeln zu k\u00f6nnen, um sich Tee zu schnorren.<br \/>\n\u2026 immer Menschen zu haben, mit denen man einen Kaffee trinken kann.<br \/>\n\u2026 die Stammkneipe direkt vor der Haust\u00fcr.<br \/>\n\u2026 spielende Hunde, schlafende Katzen, h\u00fcpfende Karnickel, grabende W\u00fcrmer, \u2026<br \/>\n\u2026 sich nicht zu wundern, wenn Du Deine Lieblingstasse nach Ewigkeiten des Entbehrens pl\u00f6tzlich in der Hand Deines Nachbarn wiederentdeckst und der sich schon immer wunderte woher die eigentlich kommt.<br \/>\n\u2026 einige Ideen wegen Mehrheitsbeschluss wieder fallen zu lassen.<br \/>\n\u2026 ein Paradies f\u00fcr Kinder.<br \/>\n\u2026 alle Ger\u00fcchte auch zum Mitnehmen.<br \/>\n\u2026 zusammen den Kiez in Schwung zu bringen.<br \/>\n\u2026 die Umsetzung der aristotelischen Idee, dass der Mensch nur in der Gemeinschaft existieren kann.<br \/>\n\u2026 sich auf dem w\u00f6chentlichen Plenum zu streiten.<br \/>\n\u2026auf Demos zu frieren.<br \/>\n\u2026 Staubwolken am Mittwoch, wenn jaulende Hunde zum Hundefuttermann rennen.<br \/>\n\u2026 die Launen der anderen zu genie\u00dfen oder zu ertragen.<br \/>\n\u2026 zusammen auf Festivals zu rocken.<br \/>\n\u2026 immer jemanden zum Zutexten zu haben.<br \/>\n\u2026 \u00fcber den Nachbarn zu l\u00e4stern.<br \/>\n\u2026 dass Du das Recht hast Dich aus Verpflichtungen zur\u00fcckzuziehen, wenn Du Zeit f\u00fcr \u00b4s Alleinsein brauchst.<br \/>\n\u2026 Anetta mit Pipi Langstrumpf zu verwechseln.<br \/>\n\u2026 dass Deine Mitbewohner mehr von Dir mitbekommen, als Dir manchmal lieb ist.<br \/>\n\u2026 dass Du R\u00fcckhalt hast.<br \/>\n\u2026 das Fahrrad vom Nachbarn ungefragt zu borgen.<br \/>\n\u2026 vom Nachbarn angeschnauzt zu werden, dass man sich sein Fahrrad ungefragt geborgt hat.<br \/>\n\u2026 sein Fahrrad zu vermissen.<br \/>\n\u2026 dass Du lernen musst zu verzeihen.<br \/>\n\u2026 dass Du Dir vom Verein was pumpen kannst.<br \/>\n\u2026 dass Menschen kommen und gehen.<br \/>\n\u2026 auch mit Mitbewohner*innen klarkommen zu m\u00fcssen, mit denen Du niemals eine Wohnung teilen w\u00fcrdest.<br \/>\n\u2026 immer wieder die gleichen Diskussionen, aber doch immer wieder anders.<br \/>\n\u2026 Geheimniskr\u00e4merei.<br \/>\n\u2026 viele Dauerg\u00e4ste zu haben, die mit zum Platz geh\u00f6ren, die aufzuz\u00e4hlen einfach zu viel w\u00e4re.<br \/>\n\u2026 die Umsetzung des \u201cKommunitarismus \u2013 Gedanken\u201d, wie er Amitai Etzioni vorschwebt.<br \/>\n\u2026 zu lieben, zu hassen, zu lachen, zu weinen.<br \/>\n\u2026 diese Zeilen schreiben zu k\u00f6nnen.<\/p>\n","protected":false},"excerpt":{"rendered":"<p>&nbsp; &nbsp; Gemeinschaft\/Leben Die Lohm\u00fchlengemeinschaft bedeutet: \u2026 morgens auf dem langen Weg zum Plumpsklo viel zu vielen Menschen zu begegnen. \u2026 jederzeit zum Nachbarn r\u00fcberwackeln zu k\u00f6nnen, um sich Tee zu schnorren. \u2026 immer Menschen zu haben, mit denen man einen Kaffee trinken kann. \u2026 die Stammkneipe direkt vor der Haust\u00fcr. \u2026 spielende Hunde, schlafende [&hellip;]<\/p>\n","protected":false},"author":1,"featured_media":0,"parent":2,"menu_order":11,"comment_status":"closed","ping_status":"open","template":"","meta":{"ngg_post_thumbnail":0},"_links":{"self":[{"href":"https:\/\/www.lohmuehle-berlin.de\/blubb\/wp-json\/wp\/v2\/pages\/51"}],"collection":[{"href":"https:\/\/www.lohmuehle-berlin.de\/blubb\/wp-json\/wp\/v2\/pages"}],"about":[{"href":"https:\/\/www.lohmuehle-berlin.de\/blubb\/wp-json\/wp\/v2\/types\/page"}],"author":[{"embeddable":true,"href":"https:\/\/www.lohmuehle-berlin.de\/blubb\/wp-json\/wp\/v2\/users\/1"}],"replies":[{"embeddable":true,"href":"https:\/\/www.lohmuehle-berlin.de\/blubb\/wp-json\/wp\/v2\/comments?post=51"}],"version-history":[{"count":15,"href":"https:\/\/www.lohmuehle-berlin.de\/blubb\/wp-json\/wp\/v2\/pages\/51\/revisions"}],"predecessor-version":[{"id":1414,"href":"https:\/\/www.lohmuehle-berlin.de\/blubb\/wp-json\/wp\/v2\/pages\/51\/revisions\/1414"}],"up":[{"embeddable":true,"href":"https:\/\/www.lohmuehle-berlin.de\/blubb\/wp-json\/wp\/v2\/pages\/2"}],"wp:attachment":[{"href":"https:\/\/www.lohmuehle-berlin.de\/blubb\/wp-json\/wp\/v2\/media?parent=51"}],"curies":[{"name":"wp","href":"https:\/\/api.w.org\/{rel}","templated":true}]}}