{"id":39,"date":"2011-06-17T11:34:33","date_gmt":"2011-06-17T09:34:33","guid":{"rendered":"http:\/\/www.lohmuehle-berlin.de\/blubb\/?page_id=39"},"modified":"2020-08-17T10:46:03","modified_gmt":"2020-08-17T08:46:03","slug":"kontakt","status":"publish","type":"page","link":"https:\/\/www.lohmuehle-berlin.de\/blubb\/kontakt\/","title":{"rendered":"Kontakt und Anfragen"},"content":{"rendered":"<p><span style=\"font-family: Arial;\"><strong>Kontaktieren<\/strong> k\u00f6nnt Ihr uns per email: info(at)lohmuehle-berlin.de<\/span><\/p>\n<p>oder ihr kommt zum Plenum &#8211; und zwar k\u00f6nnt ihr jeden zweiten Montag (immer die ungerade Kalenderwoche) um 19.00 Uhr auf den Platz kommen und dort eure Anfragen mit zwei Leuten von uns besprechen.<\/p>\n<p><span style=\"font-family: Arial;\"><strong>Info f\u00fcr alle<\/strong><\/span> <span style=\"font-family: Arial;\"><strong> G\u00e4ste<\/strong>: Wir haben eine G\u00e4steplatte (12 m) und 2 G\u00e4stewagen. <strong>Aber<\/strong>: In der Zeit von <strong>April<\/strong> bis <strong>September<\/strong> sind wir regelm\u00e4\u00dfig <strong>VOLL<\/strong>, da wir Freund*innen und Verwandte haben, die auch mal zu Besuch kommen. Wir bitten euch, wenn Ihr keine direkten Freund*innen des Platzes seid, kurz in dringenden F\u00e4llen euer Anliegen per Email an uns zu richten. Bitte nicht b\u00f6se sein, wenn wir eure Emails evtl. nur ganz knapp beantworten, aber wir haben sehr viele Anfragen. Grunds\u00e4tzlich: wir haben keinen Wasser- und Stromanschlu\u00df und G\u00e4ste k\u00f6nnt ihr erst mal f\u00fcr max. eine Wochen sein, Zeltg\u00e4ste nur 3 Tage.<br \/>\n<\/span><\/p>\n<p>&nbsp;<\/p>\n<p><span style=\"font-family: Arial;\"><strong> M<span style=\"color: #000000;\">itmachen<\/span>:<\/strong><br \/>\n<\/span> <span style=\"font-family: Arial;\">Du f\u00fchlst dich wohl bei uns?<br \/>\nDu findest unser Projekt toll?<br \/>\nDir gefallen unsere Angebote?<br \/>\nDu willst uns unterst\u00fctzen?<\/span><\/p>\n<p>Nichts leichter als das: Werde F\u00f6rdermitglied! Oder spende einfach mal was!<\/p>\n<p>Kulturbanausen e.V.<br \/>\n<em><span style=\"font-family: Arial;\">Berliner Volksbank<br \/>\nKt.-Nr.: 2080528011<br \/>\nBlz.: 100 900 00<\/span><\/em><\/p>\n<p><span style=\"text-decoration: underline;\">Veranstaltungen auf der Lohm\u00fchle durchf\u00fchren<\/span><\/p>\n<p>es gibt bei uns die M\u00f6glichkeit (unkommerzielle) Veranstaltungen im Veranstaltungsbereich durchzuf\u00fchren. Schreibt uns dazu gerne eine Mail, aber auch hier: wir haben sehr viele Anfragen, daher kann die Antwort etwas dauern bzw. sehr kurz ausfallen.<\/p>\n<p>&nbsp;<\/p>\n<p>&nbsp;<\/p>\n<p><span style=\"font-family: Arial;\"><span style=\"color: #ff0000; font-size: large;\">I<\/span><span style=\"font-size: small;\">mpressum<\/span><\/span><\/p>\n<p><strong>Die Lohm\u00fchle Berlin<\/strong><br \/>\nKulturbanausen e.V.<br \/>\n<em>VR-Nr.: 17386 N2<\/em><br \/>\nLohm\u00fchlenstra\u00dfe 17<br \/>\n12 435 Berlin<br \/>\nTel.: <span class=\"skype_pnh_print_container\">0177-2888230<\/span><\/p>\n<p>Verantwortliche:<br \/>\n<em>Inhalt und Idee:<\/em><br \/>\nDie Bewohner der Wagenburg<\/p>\n<p><span style=\"font-family: Arial;\"> <em>F\u00fcr die zur Verf\u00fcgung gestellten Fotos Dank an:<\/em><br \/>\nallen Freunden der Wagenburg die uns geholfen haben<\/span><\/p>\n<p>&nbsp;<\/p>\n<p><strong>Datenschutzerkl\u00e4rung <\/strong><\/p>\n<p>Verantwortliche Stelle im Sinne der Datenschutzgesetze, insbesondere der EU-Datenschutzgrundverordnung (DSGVO), ist:<\/p>\n<p>Kulturbanausen e.V.<br \/>\nLohm\u00fchlenstra\u00dfe 17<br \/>\n12435 Berlin<\/p>\n<p><strong>*Ihre Betroffenenrechte*<\/strong><\/p>\n<p>Unter den angegebenen Kontaktdaten k\u00f6nnen Sie jederzeit folgende Rechte aus\u00fcben:<\/p>\n<p>* Auskunft \u00fcber Ihre bei uns gespeicherten Daten und deren Verarbeitung (Art. 15 DSGVO),<br \/>\n* Berichtigung unrichtiger personenbezogener Daten (Art. 16 DSGVO),<br \/>\n* L\u00f6schung Ihrer bei uns gespeicherten Daten (Art. 17 DSGVO),<br \/>\n* Einschr\u00e4nkung der Datenverarbeitung, sofern wir Ihre Daten aufgrund gesetzlicher Pflichten noch nicht l\u00f6schen d\u00fcrfen (Art. 18 DSGVO),<br \/>\n* Widerspruch gegen die Verarbeitung Ihrer Daten bei uns (Art. 21 DSGVO) und<br \/>\n* Daten\u00fcbertragbarkeit, sofern Sie in die Datenverarbeitung eingewilligt haben (Art. 20 DSGVO).<\/p>\n<p>Sofern Sie uns eine Einwilligung erteilt haben, k\u00f6nnen Sie diese jederzeit mit Wirkung f\u00fcr die Zukunft widerrufen.<br \/>\nSie k\u00f6nnen sich jederzeit mit einer Beschwerde an eine Aufsichtsbeh\u00f6rde wenden, z. B. an die zust\u00e4ndige Aufsichtsbeh\u00f6rde des Bundeslands Ihres Wohnsitzes oder an die f\u00fcr uns als verantwortliche Stelle zust\u00e4ndige Beh\u00f6rde.<br \/>\nEine Liste der Aufsichtsbeh\u00f6rden (f\u00fcr den nicht\u00f6ffentlichen Bereich) mit Anschrift finden Sie unter: <a href=\"https:\/\/www.bfdi.bund.de\/DE\/Infothek\/Anschriften_Links\/anschriften_links-node.html\">https:\/\/www.bfdi.bund.de\/DE\/Infothek\/Anschriften_Links\/anschriften_links-node.html<\/a><\/p>\n<p><strong>*Erfassung allgemeiner Informationen beim Besuch unserer Website*<\/strong><\/p>\n<p>*Art und Zweck der Verarbeitung:*<\/p>\n<p>Wenn Sie auf unsere Website zugreifen, d.h., wenn Sie sich nicht registrieren oder anderweitig Informationen \u00fcbermitteln, werden automatisch Informationen allgemeiner Natur erfasst. Diese Informationen (Server-Logfiles) beinhalten etwa die Art des Webbrowsers, das verwendete Betriebssystem, den Domainnamen Ihres Internet-Service-Providers, Ihre IP-Adresse und \u00e4hnliches. Hierbei handelt es sich ausschlie\u00dflich um Informationen, welche keine R\u00fcckschl\u00fcsse auf Ihre Person zulassen.<br \/>\nSie werden insbesondere zu folgenden Zwecken verarbeitet:<br \/>\n* Sicherstellung eines problemlosen Verbindungsaufbaus der Website,<br \/>\n* Sicherstellung einer reibungslosen Nutzung unserer Website,<br \/>\n* Auswertung der Systemsicherheit und -stabilit\u00e4t sowie<br \/>\n* zu weiteren administrativen Zwecken.<br \/>\nWir verwenden Ihre Daten nicht, um R\u00fcckschl\u00fcsse auf Ihre Person zu ziehen. Informationen dieser Art werden von uns ggfs. statistisch ausgewertet, um unseren Internetauftritt und die dahinterstehende Technik zu optimieren.<\/p>\n<p>*Rechtsgrundlage:*<br \/>\nDie Verarbeitung erfolgt gem\u00e4\u00df Art. 6 Abs. 1 lit. f DSGVO auf Basis unseres berechtigten Interesses an der Verbesserung der Stabilit\u00e4t und Funktionalit\u00e4t unserer Website.<\/p>\n<p>*Empf\u00e4nger:*<br \/>\nEmpf\u00e4nger der Daten sind ggf. technische Dienstleister, die f\u00fcr den Betrieb und die Wartung unserer Webseite als Auftragsverarbeiter t\u00e4tig werden.<\/p>\n<p>*Speicherdauer:*<br \/>\nDie Daten werden gel\u00f6scht, sobald diese f\u00fcr den Zweck der Erhebung nicht mehr erforderlich sind. Dies ist f\u00fcr die Daten, die der Bereitstellung der Webseite dienen, grunds\u00e4tzlich der Fall, wenn die jeweilige Sitzung beendet ist.<\/p>\n<p>*Bereitstellung vorgeschrieben oder erforderlich:*<br \/>\nDie Bereitstellung der vorgenannten personenbezogenen Daten ist weder gesetzlich noch vertraglich vorgeschrieben. Ohne die IP-Adresse ist jedoch der Dienst und die Funktionsf\u00e4higkeit unserer Website nicht gew\u00e4hrleistet. Zudem k\u00f6nnen einzelne Dienste und Services nicht verf\u00fcgbar oder eingeschr\u00e4nkt sein. Aus diesem Grund ist ein Widerspruch ausgeschlossen.<\/p>\n<p><strong>*Kontakt per eMail*<\/strong><\/p>\n<p>*Art und Zweck der Verarbeitung:*<br \/>\nDie von Ihnen eingegebenen Daten werden zum Zweck der individuellen Kommunikation mit Ihnen gespeichert. Hierf\u00fcr ist die Angabe einer validen E-Mail-Adresse notwendig. Diese dient der Zuordnung der Anfrage und der anschlie\u00dfenden Beantwortung derselben. Die Angabe weiterer Daten ist optional.<\/p>\n<p>*Rechtsgrundlage:*<br \/>\nDie Verarbeitung der per E-Mail eingegebenen Daten erfolgt auf der Grundlage eines berechtigten Interesses (Art 6 Abs. 1 lit. f DSGVO).<\/p>\n<p>*Empf\u00e4nger:*<br \/>\nEmpf\u00e4nger der Daten sind die Personen die die email-Anfragen bearbeiten und beantworten.<\/p>\n<p>*Speicherdauer:*<br \/>\nDaten werden sp\u00e4testens 6 Monate nach Bearbeitung der Anfrage gel\u00f6scht.<\/p>\n<p>*Bereitstellung vorgeschrieben oder erforderlich:*<br \/>\nDie Bereitstellung Ihrer personenbezogenen Daten erfolgt freiwillig. Wir k\u00f6nnen Ihre Anfrage jedoch nur bearbeiten, sofern Sie uns Ihre E-Mail-Adresse und den Grund der Anfrage mitteilen.<\/p>\n<p>*Widerruf der Einwilligung:*<br \/>\nZur Darstellung der Inhalte wird regelm\u00e4\u00dfig die Programmiersprache JavaScript verwendet. Sie k\u00f6nnen der Datenverarbeitung daher widersprechen, indem Sie die Ausf\u00fchrung von JavaScript in Ihrem Browser deaktivieren oder einen Einbindung JavaScript-Blocker installieren. Bitte beachten Sie, dass es hierdurch zu Funktionseinschr\u00e4nkungen auf der Website kommen kann.<\/p>\n<p><strong>*\u00c4nderung unserer Datenschutzbestimmungen*<\/strong><\/p>\n<p>Wir behalten uns vor, diese Datenschutzerkl\u00e4rung anzupassen, damit sie stets den aktuellen rechtlichen Anforderungen entspricht oder um \u00c4nderungen unserer Leistungen in der Datenschutzerkl\u00e4rung umzusetzen, z.B. bei der Einf\u00fchrung neuer Services. F\u00fcr Ihren erneuten Besuch gilt dann die neue Datenschutzerkl\u00e4rung.<br \/>\n*Fragen an den Datenschutzbeauftragten:*<br \/>\nWenn Sie Fragen zum Datenschutz haben, schreiben Sie uns bitte eine E-Mail oder wenden Sie sich pers\u00f6nlich oder postalisch an unseren Verein.<\/p>\n<p>Die Datenschutzerkl\u00e4rung wurde mit dem Datenschutzerkl\u00e4rungs-Generator der activeMind AG erstellt (Version 2018-06-22).<\/p>\n<p><!-- p { margin-bottom: 0.25cm; line-height: 120%; }a:link { } --><span style=\"font-family: Arial;\"><br \/>\n<\/span><\/p>\n","protected":false},"excerpt":{"rendered":"<p>Kontaktieren k\u00f6nnt Ihr uns per email: info(at)lohmuehle-berlin.de oder ihr kommt zum Plenum &#8211; und zwar k\u00f6nnt ihr jeden zweiten Montag (immer die ungerade Kalenderwoche) um 19.00 Uhr auf den Platz kommen und dort eure Anfragen mit zwei Leuten von uns besprechen. Info f\u00fcr alle G\u00e4ste: Wir haben eine G\u00e4steplatte (12 m) und 2 G\u00e4stewagen. Aber: [&hellip;]<\/p>\n","protected":false},"author":1,"featured_media":0,"parent":0,"menu_order":11,"comment_status":"closed","ping_status":"closed","template":"","meta":{"ngg_post_thumbnail":0},"_links":{"self":[{"href":"https:\/\/www.lohmuehle-berlin.de\/blubb\/wp-json\/wp\/v2\/pages\/39"}],"collection":[{"href":"https:\/\/www.lohmuehle-berlin.de\/blubb\/wp-json\/wp\/v2\/pages"}],"about":[{"href":"https:\/\/www.lohmuehle-berlin.de\/blubb\/wp-json\/wp\/v2\/types\/page"}],"author":[{"embeddable":true,"href":"https:\/\/www.lohmuehle-berlin.de\/blubb\/wp-json\/wp\/v2\/users\/1"}],"replies":[{"embeddable":true,"href":"https:\/\/www.lohmuehle-berlin.de\/blubb\/wp-json\/wp\/v2\/comments?post=39"}],"version-history":[{"count":10,"href":"https:\/\/www.lohmuehle-berlin.de\/blubb\/wp-json\/wp\/v2\/pages\/39\/revisions"}],"predecessor-version":[{"id":1193,"href":"https:\/\/www.lohmuehle-berlin.de\/blubb\/wp-json\/wp\/v2\/pages\/39\/revisions\/1193"}],"wp:attachment":[{"href":"https:\/\/www.lohmuehle-berlin.de\/blubb\/wp-json\/wp\/v2\/media?parent=39"}],"curies":[{"name":"wp","href":"https:\/\/api.w.org\/{rel}","templated":true}]}}