{"id":2,"date":"2011-06-01T10:39:48","date_gmt":"2011-06-01T10:39:48","guid":{"rendered":"http:\/\/www.lohmuehle-berlin.de\/blubb\/?page_id=2"},"modified":"2022-06-26T12:12:20","modified_gmt":"2022-06-26T10:12:20","slug":"wir-ueber-uns","status":"publish","type":"page","link":"https:\/\/www.lohmuehle-berlin.de\/blubb\/wir-ueber-uns\/","title":{"rendered":"Wir \u00fcber Uns"},"content":{"rendered":"<p>&nbsp;<\/p>\n<p><a href=\"http:\/\/www.lohmuehle-berlin.de\/blubb\/wp-content\/uploads\/2011\/06\/Merle.jpg\"><img loading=\"lazy\" class=\"size-medium wp-image-347 alignleft\" title=\"hmm....\" src=\"http:\/\/www.lohmuehle-berlin.de\/blubb\/wp-content\/uploads\/2011\/06\/Merle-300x224.jpg\" alt=\"\" width=\"216\" height=\"161\" srcset=\"https:\/\/www.lohmuehle-berlin.de\/blubb\/wp-content\/uploads\/2011\/06\/Merle-300x224.jpg 300w, https:\/\/www.lohmuehle-berlin.de\/blubb\/wp-content\/uploads\/2011\/06\/Merle.jpg 350w\" sizes=\"(max-width: 216px) 100vw, 216px\" \/><\/a><\/p>\n<p>&nbsp;<\/p>\n<p><span style=\"font-family: Arial; font-size: small;\"><span lang=\"JA\">Seit 1991 existiert die Wagenburg Lohm\u00fchle in Alt-Treptow. Einige Bauwagen- und LKWbewohner*innen machten sich seinerzeit auf, um den ehemaligen Mauerstreifen im heutigen Schlesischen Busch zu besetzen.<\/span> <span lang=\"JA\">Als dieser zu einem Park umgestaltet wurde, r\u00fcckten die Wagenburger*innen auf das Gel\u00e4nde neben der Lohm\u00fchlenstrasse. Das vorherige Niemandsland hatte nicht viel zu bieten: Die Grenzer hatten alles daran gesetzt, die Bezeichnung Todesstreifen auch auf jegliches wachsendes Gr\u00fcn zu beziehen.<\/span> <span lang=\"JA\">Doch niemand versinkt des Winters gerne im Schlamm oder mag es des Sommers den Staub einer vegetationslosen Brachfl\u00e4che einzuatmen. So kam es zu ersten Anpflanzungen. Das Projekt Lohm\u00fchle entwickelte sich.<\/span> <span lang=\"JA\">Die ersten Toiletten wurden gebaut , Wege angelegt, Erde aufgesch\u00fcttet, es wurde gepflanzt, gegossen, gepflegt. Schlie\u00dflich zimmerte man eine B\u00fchne f\u00fcr Veranstaltungen mit dazugeh\u00f6rigem Tresen und angeschaffter Technik (siehe Terminkalender).<\/span> <span lang=\"JA\">Im Laufe der Jahre mauserte sich die Lohm\u00fchle zu einem anerkannten Kulturprojekt.<\/span> <span lang=\"JA\">Ein Projekt dass sich immer wieder erneuert und dessen Bedarf an Pflanzungen und Holzschrauben kontinuierlich steigt.<\/span> <span lang=\"JA\">Wir beziehen inzwischen den Bereich \u00d6kologie in unser Kultur- und Lebensprojekt mit ein. So wird beispielsweise auf Braunkohle zum Heizen verzichtet und unser Abwasser wird in eigenen Pflanzenkl\u00e4ranlagen entsorgt. Wir verzichten auf \u00f6ffentliche Strom- und Wasseranbieter, um unsere Autonomie und die der Umwelt im Rahmen der Gegebenheiten zu bewahren. Unsere G\u00e4rten sind kleine \u00d6kosysteme, die seltene Tierarten und Pflanzen beherbergen.<\/span> <span lang=\"JA\">Von den BewohnerInnen der ersten Stunde leben nicht mehr viele auf dem Platz. Aber die nachfolgenden Generationen hoffen, dass es ihnen gelungen ist und weiterhin gelingt, das Erbe der Gr\u00fcnder*innen weiterzutr\u00e4umen. Derzeit leben 17 Erwachsene, \u201eanderthalbg Kinder und ein Dutzend Hunde und Katzen auf dem Areal.<\/span> <span lang=\"JA\">Seit einiger Zeit besteht mit dem Bezirk Treptow-K\u00f6penick ein Vertrag, der unseren Verein \u201eKulturbanausen e.V.g als Verwalter des Grundst\u00fccks einsetzt. Dieses Abkommen ist leider auf f\u00fcnf Jahre begrenzt und bedeutet keineswegs, dass wir nun weniger um Spekulanten f\u00fcrchten m\u00fcssen.<\/span> <span lang=\"JA\">Trotzdem hoffen wir, dass wir mit unserem urbanen Leben wegweisend sein k\u00f6nnen f\u00fcr andere Projekte und besonders f\u00fcr diejenigen, die \u00fcber das \u00dcberleben dieser den Daumen heben oder senken.<\/span><span lang=\"JA\">Getreu der komischen Berliner Idee unsere Stadt via Slogan nach au\u00dfen zu pr\u00e4sentieren, sagen wir: Sei B\u00fcrger*in, sei Wagenb\u00fcrger*in, sei Berlin.<\/span> <span lang=\"JA\">Freir\u00e4ume f\u00fcr alle!<\/span><\/span><\/p>\n<p><span style=\"font-family: Arial; font-size: small;\" lang=\"JA\">B.<\/span><\/p>\n","protected":false},"excerpt":{"rendered":"<p>&nbsp; &nbsp; Seit 1991 existiert die Wagenburg Lohm\u00fchle in Alt-Treptow. Einige Bauwagen- und LKWbewohner*innen machten sich seinerzeit auf, um den ehemaligen Mauerstreifen im heutigen Schlesischen Busch zu besetzen. Als dieser zu einem Park umgestaltet wurde, r\u00fcckten die Wagenburger*innen auf das Gel\u00e4nde neben der Lohm\u00fchlenstrasse. Das vorherige Niemandsland hatte nicht viel zu bieten: Die Grenzer hatten [&hellip;]<\/p>\n","protected":false},"author":1,"featured_media":0,"parent":0,"menu_order":2,"comment_status":"open","ping_status":"open","template":"","meta":{"ngg_post_thumbnail":0},"_links":{"self":[{"href":"https:\/\/www.lohmuehle-berlin.de\/blubb\/wp-json\/wp\/v2\/pages\/2"}],"collection":[{"href":"https:\/\/www.lohmuehle-berlin.de\/blubb\/wp-json\/wp\/v2\/pages"}],"about":[{"href":"https:\/\/www.lohmuehle-berlin.de\/blubb\/wp-json\/wp\/v2\/types\/page"}],"author":[{"embeddable":true,"href":"https:\/\/www.lohmuehle-berlin.de\/blubb\/wp-json\/wp\/v2\/users\/1"}],"replies":[{"embeddable":true,"href":"https:\/\/www.lohmuehle-berlin.de\/blubb\/wp-json\/wp\/v2\/comments?post=2"}],"version-history":[{"count":13,"href":"https:\/\/www.lohmuehle-berlin.de\/blubb\/wp-json\/wp\/v2\/pages\/2\/revisions"}],"predecessor-version":[{"id":1356,"href":"https:\/\/www.lohmuehle-berlin.de\/blubb\/wp-json\/wp\/v2\/pages\/2\/revisions\/1356"}],"wp:attachment":[{"href":"https:\/\/www.lohmuehle-berlin.de\/blubb\/wp-json\/wp\/v2\/media?parent=2"}],"curies":[{"name":"wp","href":"https:\/\/api.w.org\/{rel}","templated":true}]}}