{"id":1034,"date":"2019-01-29T14:02:58","date_gmt":"2019-01-29T13:02:58","guid":{"rendered":"http:\/\/www.lohmuehle-berlin.de\/blubb\/?page_id=1034"},"modified":"2020-08-05T18:31:03","modified_gmt":"2020-08-05T16:31:03","slug":"veranstaltungsbereich","status":"publish","type":"page","link":"https:\/\/www.lohmuehle-berlin.de\/blubb\/veranstaltungsbereich\/","title":{"rendered":"Veranstaltungsbereich"},"content":{"rendered":"<p>&nbsp;<\/p>\n<p>&nbsp;<\/p>\n<p>In unserem \u00f6ffentlichen und t\u00e4glich begehbaren Veranstaltungsbereich befinden sich die Aussenbar, der Erdkeller, La Fabrika, das Kanzleramt, die f\u00fcr Veranstaltungen ge\u00f6ffneten \u00f6ffentlichen Plumpsklos, Holzschuppen (f\u00fcr Lagerfeuer und um die dicke Berta im Kanzleramt zu beheizen), das Windrad und die Freeboxen f\u00fcr Klein und Gro\u00df.<\/p>\n<p>&nbsp;<\/p>\n<p>La Fabrica &#8211; wird genutzt f\u00fcr Parties und ebenso f\u00fcr gr\u00f6\u00dfere oder kleinere Bauholzarbeiten oder Kunstprojekte. Es ist m\u00f6glich f\u00fcr Projekte diesen Raum zu nutzen.<\/p>\n<p>&nbsp;<\/p>\n<p>&nbsp;<\/p>\n<p>&nbsp;<\/p>\n<p style=\"text-align: center;\"><span style=\"color: #003366;\"><strong>Kanzleramt<\/strong><\/span><\/p>\n<p style=\"text-align: center;\"><span style=\"color: #003366;\"><strong><br \/>\n<\/strong><\/span><\/p>\n<p style=\"text-align: center;\"><img loading=\"lazy\" class=\"aligncenter\" title=\"Kanzleramt innen\" src=\"http:\/\/www.lohmuehle-berlin.de\/blubb\/wp-content\/uploads\/2011\/06\/homekanzleramt.jpg\" alt=\"\" width=\"322\" height=\"215\" \/><\/p>\n<p style=\"text-align: center;\">(innen)<\/p>\n<p>Kurz K-Amt, wird genutzt f\u00fcr Parties, Kino, Vorf\u00fchrungen in den kalten Tagen. Diese R\u00e4umlichkeit ist beheizbar und wird bedient mit Solar und Windenergie.Bei w\u00e4rmeren Temperaturen wird der Aussenbereich des Kanzleramtes in Form einer B\u00fchne genutzt. Es ist m\u00f6glich in dieser R\u00e4umlichkeit seine Projekte durchzuf\u00fchren.<\/p>\n<p>&nbsp;<\/p>\n<p>Der Erdkeller &#8211; ist der Getr\u00e4nkek\u00fchler, the best friend. Er ist eingebunden in die tolle Aussenbar. Weitere Erl\u00e4uterungen: demn\u00e4chst hier.<\/p>\n","protected":false},"excerpt":{"rendered":"<p>&nbsp; &nbsp; In unserem \u00f6ffentlichen und t\u00e4glich begehbaren Veranstaltungsbereich befinden sich die Aussenbar, der Erdkeller, La Fabrika, das Kanzleramt, die f\u00fcr Veranstaltungen ge\u00f6ffneten \u00f6ffentlichen Plumpsklos, Holzschuppen (f\u00fcr Lagerfeuer und um die dicke Berta im Kanzleramt zu beheizen), das Windrad und die Freeboxen f\u00fcr Klein und Gro\u00df. &nbsp; La Fabrica &#8211; wird genutzt f\u00fcr Parties und [&hellip;]<\/p>\n","protected":false},"author":1,"featured_media":0,"parent":0,"menu_order":3,"comment_status":"closed","ping_status":"closed","template":"","meta":{"ngg_post_thumbnail":0},"_links":{"self":[{"href":"https:\/\/www.lohmuehle-berlin.de\/blubb\/wp-json\/wp\/v2\/pages\/1034"}],"collection":[{"href":"https:\/\/www.lohmuehle-berlin.de\/blubb\/wp-json\/wp\/v2\/pages"}],"about":[{"href":"https:\/\/www.lohmuehle-berlin.de\/blubb\/wp-json\/wp\/v2\/types\/page"}],"author":[{"embeddable":true,"href":"https:\/\/www.lohmuehle-berlin.de\/blubb\/wp-json\/wp\/v2\/users\/1"}],"replies":[{"embeddable":true,"href":"https:\/\/www.lohmuehle-berlin.de\/blubb\/wp-json\/wp\/v2\/comments?post=1034"}],"version-history":[{"count":17,"href":"https:\/\/www.lohmuehle-berlin.de\/blubb\/wp-json\/wp\/v2\/pages\/1034\/revisions"}],"predecessor-version":[{"id":1044,"href":"https:\/\/www.lohmuehle-berlin.de\/blubb\/wp-json\/wp\/v2\/pages\/1034\/revisions\/1044"}],"wp:attachment":[{"href":"https:\/\/www.lohmuehle-berlin.de\/blubb\/wp-json\/wp\/v2\/media?parent=1034"}],"curies":[{"name":"wp","href":"https:\/\/api.w.org\/{rel}","templated":true}]}}